{"id":1100,"date":"2017-11-02T23:30:39","date_gmt":"2017-11-02T23:30:39","guid":{"rendered":"http:\/\/www.hort-cafe.pl\/slodko\/?page_id=1100"},"modified":"2017-11-10T15:29:31","modified_gmt":"2017-11-10T15:29:31","slug":"tort-malinowy","status":"publish","type":"page","link":"https:\/\/www.hort-cafe.pl\/slodko\/tort-malinowy","title":{"rendered":"TORT MALINOWY"},"content":{"rendered":"[vc_row fullwidth=&#8221;true&#8221;][vc_column width=&#8221;1\/2&#8243; css=&#8221;.vc_custom_1509665433640{background-image: url(https:\/\/www.hort-cafe.pl\/slodko\/wp-content\/uploads\/2017\/11\/malina.png?id=1107) !important;background-position: center !important;background-repeat: no-repeat !important;background-size: cover !important;}&#8221;][vc_column_text align=&#8221;center&#8221; animation=&#8221;right-to-left&#8221;]\n<p class=\"tytultortu\">TORT \u015aMIETANOWO-MALINOWY<\/p>\n<p class=\"opistortu\">BARDZO CZEKOLADOWE BISZKOPTY NAS\u0104CZONE PONCZEM, PRZE\u0141O\u017bONE MAS\u0104 MALINOW\u0104, JOGURTOW\u0104 I \u015aWIE\u017bYM OWOCEM MALINY<\/p>\n[\/vc_column_text][mk_chart percent=&#8221;80&#8243; track_color=&#8221;#ffffff&#8221; bar_size=&#8221;180&#8243; percentage_color=&#8221;#444444&#8243; desc=&#8221;S\u0141ODKO\u015a\u0106&#8221; desc_text_size=&#8221;18&#8243; desc_color=&#8221;#444444&#8243;][mk_button dimension=&#8221;outline&#8221; size=&#8221;medium&#8221; letter_spacing=&#8221;1&#8243; url=&#8221;https:\/\/www.hort-cafe.pl\/slodko\/torty-smakowe\/&#8221; nofollow=&#8221;true&#8221; align=&#8221;center&#8221; button_custom_width=&#8221;250&#8243; id=&#8221;przyciskpaleta&#8221; animation=&#8221;bottom-to-top&#8221;]WR\u00d3\u0106 DO PALETY SMAK\u00d3W[\/mk_button][vc_facebook css=&#8221;.vc_custom_1509827588258{padding-top: 30px !important;padding-bottom: 20px !important;}&#8221;][\/vc_column][vc_column width=&#8221;1\/2&#8243; css=&#8221;.vc_custom_1509654720761{margin-top: 50px !important;}&#8221;]<style type=\"text\/css\">a.eg-henryharrison-element-1{letter-spacing:1px},a.eg-henryharrison-element-2{-webkit-transition:all .4s linear;   -moz-transition:all .4s linear;   -o-transition:all .4s linear;   -ms-transition:all .4s linear;   transition:all .4s linear}.eg-jimmy-carter-element-11 i:before{margin-left:0px; margin-right:0px}.eg-harding-element-17{letter-spacing:1px}.eg-harding-wrapper .esg-entry-media{overflow:hidden; box-sizing:border-box;   -webkit-box-sizing:border-box;   -moz-box-sizing:border-box;   padding:30px 30px 0px 30px}.eg-harding-wrapper .esg-entry-media img{overflow:hidden; border-radius:50%;   -webkit-border-radius:50%;   -moz-border-radius:50%}.eg-ulysses-s-grant-wrapper .esg-entry-media{overflow:hidden; box-sizing:border-box;   -webkit-box-sizing:border-box;   -moz-box-sizing:border-box;   padding:30px 30px 0px 30px}.eg-ulysses-s-grant-wrapper .esg-entry-media img{overflow:hidden; border-radius:50%;   -webkit-border-radius:50%;   -moz-border-radius:50%}.eg-richard-nixon-wrapper .esg-entry-media{overflow:hidden; box-sizing:border-box;   -webkit-box-sizing:border-box;   -moz-box-sizing:border-box;   padding:30px 30px 0px 30px}.eg-richard-nixon-wrapper .esg-entry-media img{overflow:hidden; border-radius:50%;   -webkit-border-radius:50%;   -moz-border-radius:50%}.eg-herbert-hoover-wrapper .esg-entry-media img{filter:url(\"data:image\/svg+xml;utf8,<svg xmlns='http:\/\/www.w3.org\/2000\/svg'><filter id='grayscale'><feColorMatrix type='matrix' values='0.3333 0.3333 0.3333 0 0 0.3333 0.3333 0.3333 0 0 0.3333 0.3333 0.3333 0 0 0 0 0 1 0'\/><\/filter><\/svg>#grayscale\");   filter:gray;   -webkit-filter:grayscale(100%)}.eg-herbert-hoover-wrapper:hover .esg-entry-media img{filter:url(\"data:image\/svg+xml;utf8,<svg xmlns='http:\/\/www.w3.org\/2000\/svg'><filter id='grayscale'><feColorMatrix type='matrix' values='1 0 0 0 0,0 1 0 0 0,0 0 1 0 0,0 0 0 1 0'\/><\/filter><\/svg>#grayscale\");  -webkit-filter:grayscale(0%)}.eg-lyndon-johnson-wrapper .esg-entry-media img{filter:url(\"data:image\/svg+xml;utf8,<svg xmlns='http:\/\/www.w3.org\/2000\/svg'><filter id='grayscale'><feColorMatrix type='matrix' values='0.3333 0.3333 0.3333 0 0 0.3333 0.3333 0.3333 0 0 0.3333 0.3333 0.3333 0 0 0 0 0 1 0'\/><\/filter><\/svg>#grayscale\");   filter:gray;   -webkit-filter:grayscale(100%)}.eg-lyndon-johnson-wrapper:hover .esg-entry-media img{filter:url(\"data:image\/svg+xml;utf8,<svg xmlns='http:\/\/www.w3.org\/2000\/svg'><filter id='grayscale'><feColorMatrix type='matrix' values='1 0 0 0 0,0 1 0 0 0,0 0 1 0 0,0 0 0 1 0'\/><\/filter><\/svg>#grayscale\");  -webkit-filter:grayscale(0%)}.esg-overlay.eg-ronald-reagan-container{background:-moz-linear-gradient(top,rgba(0,0,0,0) 50%,rgba(0,0,0,0.83) 99%,rgba(0,0,0,0.85) 100%); background:-webkit-gradient(linear,left top,left bottom,color-stop(50%,rgba(0,0,0,0)),color-stop(99%,rgba(0,0,0,0.83)),color-stop(100%,rgba(0,0,0,0.85))); background:-webkit-linear-gradient(top,rgba(0,0,0,0) 50%,rgba(0,0,0,0.83) 99%,rgba(0,0,0,0.85) 100%); background:-o-linear-gradient(top,rgba(0,0,0,0) 50%,rgba(0,0,0,0.83) 99%,rgba(0,0,0,0.85) 100%); background:-ms-linear-gradient(top,rgba(0,0,0,0) 50%,rgba(0,0,0,0.83) 99%,rgba(0,0,0,0.85) 100%); background:linear-gradient(to bottom,rgba(0,0,0,0) 50%,rgba(0,0,0,0.83) 99%,rgba(0,0,0,0.85) 100%); filter:progid:DXImageTransform.Microsoft.gradient( startColorstr='#00000000',endColorstr='#d9000000',GradientType=0 )}.eg-georgebush-wrapper .esg-entry-cover{background:-moz-linear-gradient(top,rgba(0,0,0,0) 50%,rgba(0,0,0,0.83) 99%,rgba(0,0,0,0.85) 100%); background:-webkit-gradient(linear,left top,left bottom,color-stop(50%,rgba(0,0,0,0)),color-stop(99%,rgba(0,0,0,0.83)),color-stop(100%,rgba(0,0,0,0.85))); background:-webkit-linear-gradient(top,rgba(0,0,0,0) 50%,rgba(0,0,0,0.83) 99%,rgba(0,0,0,0.85) 100%); background:-o-linear-gradient(top,rgba(0,0,0,0) 50%,rgba(0,0,0,0.83) 99%,rgba(0,0,0,0.85) 100%); background:-ms-linear-gradient(top,rgba(0,0,0,0) 50%,rgba(0,0,0,0.83) 99%,rgba(0,0,0,0.85) 100%); background:linear-gradient(to bottom,rgba(0,0,0,0) 50%,rgba(0,0,0,0.83) 99%,rgba(0,0,0,0.85) 100%); filter:progid:DXImageTransform.Microsoft.gradient( startColorstr='#00000000',endColorstr='#d9000000',GradientType=0 )}.eg-jefferson-wrapper{-webkit-border-radius:5px !important; -moz-border-radius:5px !important; border-radius:5px !important; -webkit-mask-image:url(data:image\/png;base64,iVBORw0KGgoAAAANSUhEUgAAAAEAAAABCAIAAACQd1PeAAAAGXRFWHRTb2Z0d2FyZQBBZG9iZSBJbWFnZVJlYWR5ccllPAAAAA5JREFUeNpiYGBgAAgwAAAEAAGbA+oJAAAAAElFTkSuQmCC) !important}.eg-monroe-element-1{text-shadow:0px 1px 3px rgba(0,0,0,0.1)}.eg-lyndon-johnson-wrapper .esg-entry-cover{background:-moz-radial-gradient(center,ellipse cover,rgba(0,0,0,0.35) 0%,rgba(18,18,18,0) 96%,rgba(19,19,19,0) 100%); background:-webkit-gradient(radial,center center,0px,center center,100%,color-stop(0%,rgba(0,0,0,0.35)),color-stop(96%,rgba(18,18,18,0)),color-stop(100%,rgba(19,19,19,0))); background:-webkit-radial-gradient(center,ellipse cover,rgba(0,0,0,0.35) 0%,rgba(18,18,18,0) 96%,rgba(19,19,19,0) 100%); background:-o-radial-gradient(center,ellipse cover,rgba(0,0,0,0.35) 0%,rgba(18,18,18,0) 96%,rgba(19,19,19,0) 100%); background:-ms-radial-gradient(center,ellipse cover,rgba(0,0,0,0.35) 0%,rgba(18,18,18,0) 96%,rgba(19,19,19,0) 100%); background:radial-gradient(ellipse at center,rgba(0,0,0,0.35) 0%,rgba(18,18,18,0) 96%,rgba(19,19,19,0) 100%); filter:progid:DXImageTransform.Microsoft.gradient( startColorstr='#59000000',endColorstr='#00131313',GradientType=1 )}.eg-wilbert-wrapper .esg-entry-cover{background:-moz-radial-gradient(center,ellipse cover,rgba(0,0,0,0.35) 0%,rgba(18,18,18,0) 96%,rgba(19,19,19,0) 100%); background:-webkit-gradient(radial,center center,0px,center center,100%,color-stop(0%,rgba(0,0,0,0.35)),color-stop(96%,rgba(18,18,18,0)),color-stop(100%,rgba(19,19,19,0))); background:-webkit-radial-gradient(center,ellipse cover,rgba(0,0,0,0.35) 0%,rgba(18,18,18,0) 96%,rgba(19,19,19,0) 100%); background:-o-radial-gradient(center,ellipse cover,rgba(0,0,0,0.35) 0%,rgba(18,18,18,0) 96%,rgba(19,19,19,0) 100%); background:-ms-radial-gradient(center,ellipse cover,rgba(0,0,0,0.35) 0%,rgba(18,18,18,0) 96%,rgba(19,19,19,0) 100%); background:radial-gradient(ellipse at center,rgba(0,0,0,0.35) 0%,rgba(18,18,18,0) 96%,rgba(19,19,19,0) 100%); filter:progid:DXImageTransform.Microsoft.gradient( startColorstr='#59000000',endColorstr='#00131313',GradientType=1 )}.eg-wilbert-wrapper .esg-entry-media img{-webkit-transition:0.4s ease-in-out;  -moz-transition:0.4s ease-in-out;  -o-transition:0.4s ease-in-out;  transition:0.4s ease-in-out;  filter:url(\"data:image\/svg+xml;utf8,<svg xmlns='http:\/\/www.w3.org\/2000\/svg'><filter id='grayscale'><feColorMatrix type='matrix' values='0.3333 0.3333 0.3333 0 0 0.3333 0.3333 0.3333 0 0 0.3333 0.3333 0.3333 0 0 0 0 0 1 0'\/><\/filter><\/svg>#grayscale\");   filter:gray;   -webkit-filter:grayscale(100%)}.eg-wilbert-wrapper:hover .esg-entry-media img{filter:url(\"data:image\/svg+xml;utf8,<svg xmlns='http:\/\/www.w3.org\/2000\/svg'><filter id='grayscale'><feColorMatrix type='matrix' values='1 0 0 0 0,0 1 0 0 0,0 0 1 0 0,0 0 0 1 0'\/><\/filter><\/svg>#grayscale\");  -webkit-filter:grayscale(0%)}.eg-phillie-element-3:after{content:\" \";width:0px;height:0px;border-style:solid;border-width:5px 5px 0 5px;border-color:#000 transparent transparent transparent;left:50%;margin-left:-5px; bottom:-5px; position:absolute}.eg-howardtaft-wrapper .esg-entry-media img,.eg-howardtaft-wrapper .esg-media-poster{filter:url(\"data:image\/svg+xml;utf8,<svg xmlns='http:\/\/www.w3.org\/2000\/svg'><filter id='grayscale'><feColorMatrix type='matrix' values='1 0 0 0 0,0 1 0 0 0,0 0 1 0 0,0 0 0 1 0'\/><\/filter><\/svg>#grayscale\");  -webkit-filter:grayscale(0%)}.eg-howardtaft-wrapper:hover .esg-entry-media img,.eg-howardtaft-wrapper:hover .esg-media-poster{filter:url(\"data:image\/svg+xml;utf8,<svg xmlns='http:\/\/www.w3.org\/2000\/svg'><filter id='grayscale'><feColorMatrix type='matrix' values='0.3333 0.3333 0.3333 0 0 0.3333 0.3333 0.3333 0 0 0.3333 0.3333 0.3333 0 0 0 0 0 1 0'\/><\/filter><\/svg>#grayscale\");   filter:gray;   -webkit-filter:grayscale(100%)}.myportfolio-container .added_to_cart.wc-forward{font-family:\"Open Sans\"; font-size:13px; color:#fff; margin-top:10px}.esgbox-title.esgbox-title-outside-wrap{font-size:15px; font-weight:700; text-align:center}.esgbox-title.esgbox-title-inside-wrap{padding-bottom:10px; font-size:15px; font-weight:700; text-align:center}.esg-content.eg-twitterstream-element-33-a{display:inline-block}.eg-twitterstream-element-35{word-break:break-all}.esg-overlay.eg-twitterstream-container{background:-moz-linear-gradient(top,rgba(0,0,0,0) 50%,rgba(0,0,0,0.83) 99%,rgba(0,0,0,0.85) 100%); background:-webkit-gradient(linear,left top,left bottom,color-stop(50%,rgba(0,0,0,0)),color-stop(99%,rgba(0,0,0,0.83)),color-stop(100%,rgba(0,0,0,0.85))); background:-webkit-linear-gradient(top,rgba(0,0,0,0) 50%,rgba(0,0,0,0.83) 99%,rgba(0,0,0,0.85) 100%); background:-o-linear-gradient(top,rgba(0,0,0,0) 50%,rgba(0,0,0,0.83) 99%,rgba(0,0,0,0.85) 100%); background:-ms-linear-gradient(top,rgba(0,0,0,0) 50%,rgba(0,0,0,0.83) 99%,rgba(0,0,0,0.85) 100%); background:linear-gradient(to bottom,rgba(0,0,0,0) 50%,rgba(0,0,0,0.83) 99%,rgba(0,0,0,0.85) 100%); filter:progid:DXImageTransform.Microsoft.gradient( startColorstr='#00000000',endColorstr='#d9000000',GradientType=0 )}.esg-content.eg-facebookstream-element-33-a{display:inline-block}.eg-facebookstream-element-0{word-break:break-all}.esg-overlay.eg-flickrstream-container{background:-moz-linear-gradient(top,rgba(0,0,0,0) 50%,rgba(0,0,0,0.83) 99%,rgba(0,0,0,0.85) 100%); background:-webkit-gradient(linear,left top,left bottom,color-stop(50%,rgba(0,0,0,0)),color-stop(99%,rgba(0,0,0,0.83)),color-stop(100%,rgba(0,0,0,0.85))); background:-webkit-linear-gradient(top,rgba(0,0,0,0) 50%,rgba(0,0,0,0.83) 99%,rgba(0,0,0,0.85) 100%); background:-o-linear-gradient(top,rgba(0,0,0,0) 50%,rgba(0,0,0,0.83) 99%,rgba(0,0,0,0.85) 100%); background:-ms-linear-gradient(top,rgba(0,0,0,0) 50%,rgba(0,0,0,0.83) 99%,rgba(0,0,0,0.85) 100%); background:linear-gradient(to bottom,rgba(0,0,0,0) 50%,rgba(0,0,0,0.83) 99%,rgba(0,0,0,0.85) 100%); filter:progid:DXImageTransform.Microsoft.gradient( startColorstr='#00000000',endColorstr='#d9000000',GradientType=0 )}<\/style><style type=\"text\/css\">.minimal-light .navigationbuttons,.minimal-light .esg-pagination,.minimal-light .esg-filters{text-align:center}.minimal-light .esg-filterbutton,.minimal-light .esg-navigationbutton,.minimal-light .esg-sortbutton,.minimal-light .esg-cartbutton a{color:#999; margin-right:5px; cursor:pointer; padding:0px 16px; border:1px solid #e5e5e5; line-height:38px; border-radius:5px; -moz-border-radius:5px; -webkit-border-radius:5px; font-size:12px; font-weight:700; font-family:\"Open Sans\",sans-serif; display:inline-block; background:#fff; margin-bottom:5px}.minimal-light .esg-navigationbutton *{color:#999}.minimal-light .esg-navigationbutton{padding:0px 16px}.minimal-light .esg-pagination-button:last-child{margin-right:0}.minimal-light .esg-left,.minimal-light .esg-right{padding:0px 11px}.minimal-light .esg-sortbutton-wrapper,.minimal-light .esg-cartbutton-wrapper{display:inline-block}.minimal-light .esg-sortbutton-order,.minimal-light .esg-cartbutton-order{display:inline-block;  vertical-align:top;  border:1px solid #e5e5e5;  width:40px;  line-height:38px;  border-radius:0px 5px 5px 0px;  -moz-border-radius:0px 5px 5px 0px;  -webkit-border-radius:0px 5px 5px 0px;  font-size:12px;  font-weight:700;  color:#999;  cursor:pointer;  background:#fff}.minimal-light .esg-cartbutton{color:#333; cursor:default !important}.minimal-light .esg-cartbutton .esgicon-basket{color:#333;   font-size:15px;   line-height:15px;   margin-right:10px}.minimal-light .esg-cartbutton-wrapper{cursor:default !important}.minimal-light .esg-sortbutton,.minimal-light .esg-cartbutton{display:inline-block; position:relative; cursor:pointer; margin-right:0px; border-right:none; border-radius:5px 0px 0px 5px; -moz-border-radius:5px 0px 0px 5px; -webkit-border-radius:5px 0px 0px 5px}.minimal-light .esg-navigationbutton:hover,.minimal-light .esg-filterbutton:hover,.minimal-light .esg-sortbutton:hover,.minimal-light .esg-sortbutton-order:hover,.minimal-light .esg-cartbutton a:hover,.minimal-light .esg-filterbutton.selected{background-color:#fff;   border-color:#bbb;   color:#333;   box-shadow:0px 3px 5px 0px rgba(0,0,0,0.13)}.minimal-light .esg-navigationbutton:hover *{color:#333}.minimal-light .esg-sortbutton-order.tp-desc:hover{border-color:#bbb; color:#333; box-shadow:0px -3px 5px 0px rgba(0,0,0,0.13) !important}.minimal-light .esg-filter-checked{padding:1px 3px;  color:#cbcbcb;  background:#cbcbcb;  margin-left:7px;  font-size:9px;  font-weight:300;  line-height:9px;  vertical-align:middle}.minimal-light .esg-filterbutton.selected .esg-filter-checked,.minimal-light .esg-filterbutton:hover .esg-filter-checked{padding:1px 3px 1px 3px;  color:#fff;  background:#000;  margin-left:7px;  font-size:9px;  font-weight:300;  line-height:9px;  vertical-align:middle}<\/style><style type=\"text\/css\">.eg-tortysmakowe-element-7{font-size:23px; line-height:77px; color:#ffffff; font-weight:100; padding:0px 0px 0px 0px ; border-radius:0px 0px 0px 0px ; background-color:rgba(255,255,255,0); z-index:2 !important; display:block; border-top-width:0px; border-right-width:0px; border-bottom-width:0px; border-left-width:0px; border-color:#ffffff; border-style:solid}<\/style><style type=\"text\/css\">.eg-tortysmakowe-element-7:hover{font-size:23px; line-height:77px; color:#ffffff; font-weight:100; border-radius:px px px px ; background-color:rgba(255,255,255,0)}<\/style><style type=\"text\/css\">.eg-tortysmakowe-element-7-a{display:inline-block; float:none; clear:none; margin:0px 0px 0px 0px ; position:relative}<\/style><style type=\"text\/css\">.eg-tortysmakowe-container{background-color:rgba(198,177,119,0.69)}<\/style><style type=\"text\/css\">.eg-tortysmakowe-content{background-color:#ffffff; padding:0px 0px 0px 0px; border-width:0px 0px 0px 0px; border-radius:0px 0px 0px 0px; border-color:transparent; border-style:double; text-align:left}<\/style><style type=\"text\/css\">.esg-grid .mainul li.eg-tortysmakowe-wrapper{background-color:#ffffff; padding:0px 0px 0px 0px; border-width:0px 0px 0px 0px; border-radius:0px 0px 0px 0px; border-color:transparent; border-style:none}<\/style><style type=\"text\/css\">.esg-grid .mainul li.eg-tortysmakowe-wrapper .esg-media-poster{background-size:cover; background-position:center center; background-repeat:no-repeat}<\/style><!-- THE ESSENTIAL GRID 2.1.0.2 CUSTOM --><article class=\"myportfolio-container minimal-light\" id=\"esg-grid-22-1-wrap\">    <div id=\"esg-grid-22-1\" class=\"esg-grid\" style=\"background-color: transparent;padding: 0px 0px 0px 0px ; box-sizing:border-box; -moz-box-sizing:border-box; -webkit-box-sizing:border-box;\"><ul><li id=\"eg-22-post-id-0\" class=\"filterall eg-tortysmakowe-wrapper eg-post-id-0\" data-date=\"\">    <div class=\"esg-media-cover-wrapper\"><div class=\"esg-entry-media\"><img loading=\"lazy\" decoding=\"async\" src=\"https:\/\/www.hort-cafe.pl\/slodko\/wp-content\/uploads\/2017\/11\/6-6.jpg\" alt=\"\" width=\"1278\" height=\"1920\"><\/div>            <div class=\"esg-entry-cover esg-fade\" data-delay=\"0\" data-clickable=\"on\"><a class=\"eg-invisiblebutton  esgbox\" href=\"https:\/\/www.hort-cafe.pl\/slodko\/wp-content\/uploads\/2017\/11\/6-6.jpg\" lgtitle=\"6\"><\/a>                <div class=\"esg-overlay eg-tortysmakowe-container\"><\/div>\t\t\t\t<div class=\"esg-center eg-tortysmakowe-element-7-a\"><a class=\"eg-tortysmakowe-element-7 esgbox\" href=\"https:\/\/www.hort-cafe.pl\/slodko\/wp-content\/uploads\/2017\/11\/6-6.jpg\" lgtitle=\"6\"><i class=\"eg-icon-search\"><\/i><\/a><\/div>           <\/div>   <\/div><\/li><li id=\"eg-22-post-id-1\" class=\"filterall eg-tortysmakowe-wrapper eg-post-id-1\" data-date=\"\">    <div class=\"esg-media-cover-wrapper\"><div class=\"esg-entry-media\"><img loading=\"lazy\" decoding=\"async\" src=\"https:\/\/www.hort-cafe.pl\/slodko\/wp-content\/uploads\/2017\/11\/5-7.jpg\" alt=\"\" width=\"1920\" height=\"1278\"><\/div>            <div class=\"esg-entry-cover esg-fade\" data-delay=\"0\" data-clickable=\"on\"><a class=\"eg-invisiblebutton  esgbox\" href=\"https:\/\/www.hort-cafe.pl\/slodko\/wp-content\/uploads\/2017\/11\/5-7.jpg\" lgtitle=\"5\"><\/a>                <div class=\"esg-overlay eg-tortysmakowe-container\"><\/div>\t\t\t\t<div class=\"esg-center eg-tortysmakowe-element-7-a\"><a class=\"eg-tortysmakowe-element-7 esgbox\" href=\"https:\/\/www.hort-cafe.pl\/slodko\/wp-content\/uploads\/2017\/11\/5-7.jpg\" lgtitle=\"5\"><i class=\"eg-icon-search\"><\/i><\/a><\/div>           <\/div>   <\/div><\/li><li id=\"eg-22-post-id-2\" class=\"filterall eg-tortysmakowe-wrapper eg-post-id-2\" data-date=\"\">    <div class=\"esg-media-cover-wrapper\"><div class=\"esg-entry-media\"><img loading=\"lazy\" decoding=\"async\" src=\"https:\/\/www.hort-cafe.pl\/slodko\/wp-content\/uploads\/2017\/11\/4-6.jpg\" alt=\"\" width=\"1278\" height=\"1920\"><\/div>            <div class=\"esg-entry-cover esg-fade\" data-delay=\"0\" data-clickable=\"on\"><a class=\"eg-invisiblebutton  esgbox\" href=\"https:\/\/www.hort-cafe.pl\/slodko\/wp-content\/uploads\/2017\/11\/4-6.jpg\" lgtitle=\"4\"><\/a>                <div class=\"esg-overlay eg-tortysmakowe-container\"><\/div>\t\t\t\t<div class=\"esg-center eg-tortysmakowe-element-7-a\"><a class=\"eg-tortysmakowe-element-7 esgbox\" href=\"https:\/\/www.hort-cafe.pl\/slodko\/wp-content\/uploads\/2017\/11\/4-6.jpg\" lgtitle=\"4\"><i class=\"eg-icon-search\"><\/i><\/a><\/div>           <\/div>   <\/div><\/li><li id=\"eg-22-post-id-3\" class=\"filterall eg-tortysmakowe-wrapper eg-post-id-3\" data-date=\"\">    <div class=\"esg-media-cover-wrapper\"><div class=\"esg-entry-media\"><img loading=\"lazy\" decoding=\"async\" src=\"https:\/\/www.hort-cafe.pl\/slodko\/wp-content\/uploads\/2017\/11\/3-7.jpg\" alt=\"\" width=\"1278\" height=\"1920\"><\/div>            <div class=\"esg-entry-cover esg-fade\" data-delay=\"0\" data-clickable=\"on\"><a class=\"eg-invisiblebutton  esgbox\" href=\"https:\/\/www.hort-cafe.pl\/slodko\/wp-content\/uploads\/2017\/11\/3-7.jpg\" lgtitle=\"3\"><\/a>                <div class=\"esg-overlay eg-tortysmakowe-container\"><\/div>\t\t\t\t<div class=\"esg-center eg-tortysmakowe-element-7-a\"><a class=\"eg-tortysmakowe-element-7 esgbox\" href=\"https:\/\/www.hort-cafe.pl\/slodko\/wp-content\/uploads\/2017\/11\/3-7.jpg\" lgtitle=\"3\"><i class=\"eg-icon-search\"><\/i><\/a><\/div>           <\/div>   <\/div><\/li><li id=\"eg-22-post-id-4\" class=\"filterall eg-tortysmakowe-wrapper eg-post-id-4\" data-date=\"\">    <div class=\"esg-media-cover-wrapper\"><div class=\"esg-entry-media\"><img loading=\"lazy\" decoding=\"async\" src=\"https:\/\/www.hort-cafe.pl\/slodko\/wp-content\/uploads\/2017\/11\/2-7.jpg\" alt=\"\" width=\"1278\" height=\"1920\"><\/div>            <div class=\"esg-entry-cover esg-fade\" data-delay=\"0\" data-clickable=\"on\"><a class=\"eg-invisiblebutton  esgbox\" href=\"https:\/\/www.hort-cafe.pl\/slodko\/wp-content\/uploads\/2017\/11\/2-7.jpg\" lgtitle=\"2\"><\/a>                <div class=\"esg-overlay eg-tortysmakowe-container\"><\/div>\t\t\t\t<div class=\"esg-center eg-tortysmakowe-element-7-a\"><a class=\"eg-tortysmakowe-element-7 esgbox\" href=\"https:\/\/www.hort-cafe.pl\/slodko\/wp-content\/uploads\/2017\/11\/2-7.jpg\" lgtitle=\"2\"><i class=\"eg-icon-search\"><\/i><\/a><\/div>           <\/div>   <\/div><\/li><li id=\"eg-22-post-id-5\" class=\"filterall eg-tortysmakowe-wrapper eg-post-id-5\" data-date=\"\">    <div class=\"esg-media-cover-wrapper\"><div class=\"esg-entry-media\"><img loading=\"lazy\" decoding=\"async\" src=\"https:\/\/www.hort-cafe.pl\/slodko\/wp-content\/uploads\/2017\/11\/1-9.jpg\" alt=\"\" width=\"1278\" height=\"1920\"><\/div>            <div class=\"esg-entry-cover esg-fade\" data-delay=\"0\" data-clickable=\"on\"><a class=\"eg-invisiblebutton  esgbox\" href=\"https:\/\/www.hort-cafe.pl\/slodko\/wp-content\/uploads\/2017\/11\/1-9.jpg\" lgtitle=\"1\"><\/a>                <div class=\"esg-overlay eg-tortysmakowe-container\"><\/div>\t\t\t\t<div class=\"esg-center eg-tortysmakowe-element-7-a\"><a class=\"eg-tortysmakowe-element-7 esgbox\" href=\"https:\/\/www.hort-cafe.pl\/slodko\/wp-content\/uploads\/2017\/11\/1-9.jpg\" lgtitle=\"1\"><i class=\"eg-icon-search\"><\/i><\/a><\/div>           <\/div>   <\/div><\/li><\/ul>    <\/div><\/article><div class=\"clear\"><\/div>[\/vc_column][\/vc_row][vc_row][vc_column][vc_column_text][\/vc_column_text][\/vc_column][\/vc_row]\n","protected":false},"excerpt":{"rendered":"<p>[vc_row fullwidth=&#8221;true&#8221;][vc_column width=&#8221;1\/2&#8243; css=&#8221;.vc_custom_1509665433640{background-image: url(https:\/\/www.hort-cafe.pl\/slodko\/wp-content\/uploads\/2017\/11\/malina.png?id=1107) !important;background-position: center !important;background-repeat: no-repeat !important;background-size: cover !important;}&#8221;][vc_column_text align=&#8221;center&#8221; animation=&#8221;right-to-left&#8221;] TORT \u015aMIETANOWO-MALINOWY BARDZO CZEKOLADOWE BISZKOPTY NAS\u0104CZONE PONCZEM, PRZE\u0141O\u017bONE MAS\u0104 MALINOW\u0104, JOGURTOW\u0104 I \u015aWIE\u017bYM OWOCEM MALINY [\/vc_column_text][mk_chart percent=&#8221;80&#8243; track_color=&#8221;#ffffff&#8221; bar_size=&#8221;180&#8243; percentage_color=&#8221;#444444&#8243; desc=&#8221;S\u0141ODKO\u015a\u0106&#8221; desc_text_size=&#8221;18&#8243; desc_color=&#8221;#444444&#8243;][mk_button dimension=&#8221;outline&#8221; size=&#8221;medium&#8221; letter_spacing=&#8221;1&#8243; url=&#8221;https:\/\/www.hort-cafe.pl\/slodko\/torty-smakowe\/&#8221; nofollow=&#8221;true&#8221; align=&#8221;center&#8221; button_custom_width=&#8221;250&#8243; id=&#8221;przyciskpaleta&#8221; animation=&#8221;bottom-to-top&#8221;]WR\u00d3\u0106 DO PALETY SMAK\u00d3W[\/mk_button][vc_facebook css=&#8221;.vc_custom_1509827588258{padding-top: 30px !important;padding-bottom: 20px !important;}&#8221;][\/vc_column][vc_column width=&#8221;1\/2&#8243; [&hellip;]<\/p>\n","protected":false},"author":2,"featured_media":1105,"parent":0,"menu_order":0,"comment_status":"closed","ping_status":"closed","template":"","meta":{"footnotes":""},"yst_prominent_words":[],"class_list":["post-1100","page","type-page","status-publish","has-post-thumbnail","hentry"],"_links":{"self":[{"href":"https:\/\/www.hort-cafe.pl\/slodko\/wp-json\/wp\/v2\/pages\/1100","targetHints":{"allow":["GET"]}}],"collection":[{"href":"https:\/\/www.hort-cafe.pl\/slodko\/wp-json\/wp\/v2\/pages"}],"about":[{"href":"https:\/\/www.hort-cafe.pl\/slodko\/wp-json\/wp\/v2\/types\/page"}],"author":[{"embeddable":true,"href":"https:\/\/www.hort-cafe.pl\/slodko\/wp-json\/wp\/v2\/users\/2"}],"replies":[{"embeddable":true,"href":"https:\/\/www.hort-cafe.pl\/slodko\/wp-json\/wp\/v2\/comments?post=1100"}],"version-history":[{"count":0,"href":"https:\/\/www.hort-cafe.pl\/slodko\/wp-json\/wp\/v2\/pages\/1100\/revisions"}],"wp:featuredmedia":[{"embeddable":true,"href":"https:\/\/www.hort-cafe.pl\/slodko\/wp-json\/wp\/v2\/media\/1105"}],"wp:attachment":[{"href":"https:\/\/www.hort-cafe.pl\/slodko\/wp-json\/wp\/v2\/media?parent=1100"}],"wp:term":[{"taxonomy":"yst_prominent_words","embeddable":true,"href":"https:\/\/www.hort-cafe.pl\/slodko\/wp-json\/wp\/v2\/yst_prominent_words?post=1100"}],"curies":[{"name":"wp","href":"https:\/\/api.w.org\/{rel}","templated":true}]}}