{"id":1491,"date":"2017-11-10T13:41:17","date_gmt":"2017-11-10T13:41:17","guid":{"rendered":"http:\/\/www.hort-cafe.pl\/slodko\/?page_id=1491"},"modified":"2018-02-19T08:22:31","modified_gmt":"2018-02-19T08:22:31","slug":"catering-cukierniczy-bialystok","status":"publish","type":"page","link":"https:\/\/www.hort-cafe.pl\/slodko\/catering-cukierniczy-bialystok","title":{"rendered":"CATERING"},"content":{"rendered":"[vc_row fullwidth=&#8221;true&#8221; css=&#8221;.vc_custom_1510422089628{background-image: url(https:\/\/www.hort-cafe.pl\/slodko\/wp-content\/uploads\/2017\/11\/bodytlo6-1-1.jpg?id=1544) !important;background-position: center !important;background-repeat: no-repeat !important;background-size: cover !important;}&#8221;][vc_column css=&#8221;.vc_custom_1510421873810{margin-top: 50px !important;margin-bottom: 80px !important;}&#8221;][vc_column_text align=&#8221;center&#8221;]\n<p class=\"tekstonas\"><img loading=\"lazy\" decoding=\"async\" class=\"aligncenter logocatering\" src=\"https:\/\/www.hort-cafe.pl\/slodko\/wp-content\/uploads\/2017\/11\/logo_catering2.png\" alt=\"\" width=\"217\" height=\"154\" \/>Rocznica \u015blubu, przyj\u0119cie urodzinowe, przyj\u0119cie \u015bwi\u0105teczne, spotkanie w gronie przyjaci\u00f3\u0142, to nieod\u0142\u0105czne okoliczno\u015bci nale\u017c\u0105ce do polskiej tradycji, kt\u00f3re sprzyjaj\u0105 uroczystemu przyj\u0119ciu przy smakowicie zastawionym stole.<\/p>\n[\/vc_column_text][vc_column_text align=&#8221;center&#8221;]\n<p class=\"tekstonas\">Jednak nie zawsze maj\u0105 Pa\u0144stwo mo\u017cliwo\u015b\u0107 przygotowa\u0107 czasoch\u0142onne potrawy, martwi\u0107 si\u0119 dopasowaniem menu do r\u00f3\u017cnorodnych gust\u00f3w i smak\u00f3w, czy kompletowa\u0107 pe\u0142nej zastawy. Z przyjemno\u015bci\u0105 podejmiemy si\u0119 zorganizowania dla Pa\u0144stwa uroczysto\u015bci.<\/p>\n[\/vc_column_text][vc_column_text align=&#8221;center&#8221;]\n<p class=\"tekstonas\">Wsp\u00f3lnie ustalimy menu s\u0142odkie i s\u0142one, zaproponujemy dekoracj\u0119 sto\u0142\u00f3w, przywieziemy zastaw\u0119 sto\u0142ow\u0105, pyszne potrawy i s\u0142odko\u015bci. Je\u015bli trzeba \u2013 zapewnimy pe\u0142n\u0105 obs\u0142ug\u0119 kelnersk\u0105, a Pa\u0144stwu pozostanie tylko cieszy\u0107 si\u0119 obecno\u015bci\u0105 go\u015bci. Co wi\u0119cej, po przyj\u0119ciu nie musz\u0105 Pa\u0144stwo zmywa\u0107 \u2013 brudne naczynia znikn\u0105 wraz z naszymi pracownikami!<\/p>\n[\/vc_column_text][vc_column_text]<img loading=\"lazy\" decoding=\"async\" class=\"aligncenter size-full wp-image-1493\" src=\"https:\/\/www.hort-cafe.pl\/slodko\/wp-content\/uploads\/2017\/11\/zapraszamy.png\" alt=\"\" width=\"326\" height=\"87\" srcset=\"https:\/\/www.hort-cafe.pl\/slodko\/wp-content\/uploads\/2017\/11\/zapraszamy.png 326w, https:\/\/www.hort-cafe.pl\/slodko\/wp-content\/uploads\/2017\/11\/zapraszamy-300x80.png 300w\" sizes=\"auto, (max-width: 326px) 100vw, 326px\" \/>[\/vc_column_text][vc_column_text align=&#8221;center&#8221;]\n<p class=\"weselne3\">catering na s\u0142odko bia\u0142ystok, catering ciasta bia\u0142ystok, catering ciasteczka bia\u0142ystok, caterig cukierniczy bia\u0142ystok, catering cukiernia bia\u0142ystok, s\u0142odki k\u0105cik bia\u0142ystok, bufet kawowy bia\u0142ystok, catering s\u0142odki bia\u0142ystok, s\u0142odki st\u00f3\u0142 bia\u0142ystok, catering cukiernia bia\u0142ystok<\/p>\n[\/vc_column_text][\/vc_column][\/vc_row]\n","protected":false},"excerpt":{"rendered":"<p>[vc_row fullwidth=&#8221;true&#8221; css=&#8221;.vc_custom_1510422089628{background-image: url(https:\/\/www.hort-cafe.pl\/slodko\/wp-content\/uploads\/2017\/11\/bodytlo6-1-1.jpg?id=1544) !important;background-position: center !important;background-repeat: no-repeat !important;background-size: cover !important;}&#8221;][vc_column css=&#8221;.vc_custom_1510421873810{margin-top: 50px !important;margin-bottom: 80px !important;}&#8221;][vc_column_text align=&#8221;center&#8221;] Rocznica \u015blubu, przyj\u0119cie urodzinowe, przyj\u0119cie \u015bwi\u0105teczne, spotkanie w gronie przyjaci\u00f3\u0142, to nieod\u0142\u0105czne okoliczno\u015bci nale\u017c\u0105ce do polskiej tradycji, kt\u00f3re sprzyjaj\u0105 uroczystemu przyj\u0119ciu przy smakowicie zastawionym stole. [\/vc_column_text][vc_column_text align=&#8221;center&#8221;] Jednak nie zawsze maj\u0105 Pa\u0144stwo mo\u017cliwo\u015b\u0107 przygotowa\u0107 czasoch\u0142onne potrawy, martwi\u0107 si\u0119 [&hellip;]<\/p>\n","protected":false},"author":2,"featured_media":0,"parent":0,"menu_order":0,"comment_status":"closed","ping_status":"closed","template":"","meta":{"footnotes":""},"yst_prominent_words":[],"class_list":["post-1491","page","type-page","status-publish","hentry"],"_links":{"self":[{"href":"https:\/\/www.hort-cafe.pl\/slodko\/wp-json\/wp\/v2\/pages\/1491","targetHints":{"allow":["GET"]}}],"collection":[{"href":"https:\/\/www.hort-cafe.pl\/slodko\/wp-json\/wp\/v2\/pages"}],"about":[{"href":"https:\/\/www.hort-cafe.pl\/slodko\/wp-json\/wp\/v2\/types\/page"}],"author":[{"embeddable":true,"href":"https:\/\/www.hort-cafe.pl\/slodko\/wp-json\/wp\/v2\/users\/2"}],"replies":[{"embeddable":true,"href":"https:\/\/www.hort-cafe.pl\/slodko\/wp-json\/wp\/v2\/comments?post=1491"}],"version-history":[{"count":0,"href":"https:\/\/www.hort-cafe.pl\/slodko\/wp-json\/wp\/v2\/pages\/1491\/revisions"}],"wp:attachment":[{"href":"https:\/\/www.hort-cafe.pl\/slodko\/wp-json\/wp\/v2\/media?parent=1491"}],"wp:term":[{"taxonomy":"yst_prominent_words","embeddable":true,"href":"https:\/\/www.hort-cafe.pl\/slodko\/wp-json\/wp\/v2\/yst_prominent_words?post=1491"}],"curies":[{"name":"wp","href":"https:\/\/api.w.org\/{rel}","templated":true}]}}