{"id":68,"date":"2017-09-05T06:58:01","date_gmt":"2017-09-05T06:58:01","guid":{"rendered":"http:\/\/www.hort-cafe.pl\/slodko\/?page_id=68"},"modified":"2018-02-19T10:17:37","modified_gmt":"2018-02-19T10:17:37","slug":"lody-tradycyjne-bialystok","status":"publish","type":"page","link":"https:\/\/www.hort-cafe.pl\/slodko\/lody-tradycyjne-bialystok","title":{"rendered":"Lody"},"content":{"rendered":"[vc_row fullwidth=&#8221;true&#8221;][vc_column][vc_column_text align=&#8221;center&#8221;]\n<p class=\"weselne3\">lody rzemie\u015blnicze bia\u0142ystok, cassate, lody tradycyjne bia\u0142ystok, lody naturalne bia\u0142ystok, lody bez chemii bia\u0142ystok, producent lod\u00f3w, naturalnych bia\u0142ystok, lody prawdziwe bia\u0142ystok, najlepsze lody bia\u0142ystok, lodziarnia bia\u0142ystok, lody ga\u0142kowane bia\u0142ystok<\/p>\n[\/vc_column_text][mk_revslider id=&#8221;lody&#8221;][\/vc_column][\/vc_row][vc_row fullwidth=&#8221;true&#8221; css=&#8221;.vc_custom_1509506675516{background-image: url(https:\/\/www.hort-cafe.pl\/slodko\/wp-content\/uploads\/2017\/09\/tlozamowienia.jpg?id=868) !important;background-position: center !important;background-repeat: no-repeat !important;background-size: cover !important;}&#8221;][vc_column css=&#8221;.vc_custom_1509974791508{padding-bottom: 30px !important;}&#8221;][vc_column_text animation=&#8221;left-to-right&#8221;]<img loading=\"lazy\" decoding=\"async\" class=\"zamowienia aligncenter size-full wp-image-607\" src=\"https:\/\/www.hort-cafe.pl\/slodko\/wp-content\/uploads\/2017\/09\/zamwienia-1.png\" alt=\"\" width=\"407\" height=\"132\" srcset=\"https:\/\/www.hort-cafe.pl\/slodko\/wp-content\/uploads\/2017\/09\/zamwienia-1.png 407w, https:\/\/www.hort-cafe.pl\/slodko\/wp-content\/uploads\/2017\/09\/zamwienia-1-300x97.png 300w\" sizes=\"auto, (max-width: 407px) 100vw, 407px\" \/>[\/vc_column_text][vc_column_text animation=&#8221;left-to-right&#8221;]\n<p class=\"zamowienia2\">W NASZEJ CUKIERNI Z\u0141O\u017bYSZ ZAM\u00d3WIENIA NA CIASTA, CIASTECZKA I TORTY. ZAPRASZAMY DO KONTAKTU TELEFONICZNEGO, B\u0104D\u0179 POPRZEZ NASZ\u0104 STRON\u0118 INTERNETOW\u0104. NASI EKSPERCI S\u0141U\u017b\u0104 POMOC\u0104 PRZY OM\u00d3WIENIU SZCZEG\u00d3\u0141\u00d3W DOTYCZ\u0104CYCH SMAKU, ROZMIARU ORAZ FORMY TORT\u00d3W. JESTE\u015aMY W STANIE SPROSTA\u0106 NAWET NAJBARDZIEJ NIETYPOWYM POMYS\u0141OM. ZAPRASZAMY \ud83d\ude42<\/p>\n[\/vc_column_text][vc_column_text margin_bottom=&#8221;50&#8243; animation=&#8221;left-to-right&#8221; el_class=&#8221;numery&#8221;]\n<div class=\"linki1\"><\/div>\n<p style=\"text-align: center;\"><a style=\"text-align: center; font-weight: 900; letter-spacing: 2px; color: black; cursor: default; font-size: 26px;\" href=\"tel:697 203 903\">Tel. 697 203 903<\/a><\/p>\n<p style=\"text-align: center;\"><a style=\"text-align: center; font-weight: 900; letter-spacing: 2px; color: black; cursor: default; font-size: 22px;\" href=\"mailto:zamowienia@hort-cafe.pl\">zamowienia@hort-cafe.pl<\/a><\/p>\n<p style=\"text-align: center;\"><a style=\"text-align: center; font-weight: 900; letter-spacing: 2px; color: black; cursor: default; font-size: 22px;\" href=\"#\">www.sklep.hort-cafe.pl<\/a><\/p>\n[\/vc_column_text][\/vc_column][\/vc_row][vc_row fullwidth=&#8221;true&#8221;][vc_column][vc_column_text animation=&#8221;fade-in&#8221;]<img decoding=\"async\" class=\"logoparalax aligncenter\" src=\"https:\/\/www.hort-cafe.pl\/slodko\/wp-content\/uploads\/2017\/09\/logo-biae-1.png\" alt=\"\" \/>[\/vc_column_text]<div class='gambit_parallax_row paralax1' data-bg-align='' data-direction='fixed' data-opacity='100' data-velocity='-0.3' data-mobile-enabled='parallax-enable-mobile' data-bg-height='1311' data-bg-width='1920' data-bg-image='https:\/\/www.hort-cafe.pl\/slodko\/wp-content\/uploads\/2017\/09\/buki.jpg' data-bg-repeat='false' data-id='' style='display: none'><\/div>[\/vc_column][\/vc_row][vc_row fullwidth=&#8221;true&#8221; css=&#8221;.vc_custom_1509504107078{padding-bottom: 30px !important;}&#8221;][vc_column][vc_column_text align=&#8221;center&#8221; animation=&#8221;fade-in&#8221;]<img loading=\"lazy\" decoding=\"async\" class=\"nowosci1 aligncenter size-full wp-image-606\" src=\"https:\/\/www.hort-cafe.pl\/slodko\/wp-content\/uploads\/2017\/09\/nowoci-1.png\" alt=\"\" width=\"384\" height=\"100\" srcset=\"https:\/\/www.hort-cafe.pl\/slodko\/wp-content\/uploads\/2017\/09\/nowoci-1.png 384w, https:\/\/www.hort-cafe.pl\/slodko\/wp-content\/uploads\/2017\/09\/nowoci-1-300x78.png 300w\" sizes=\"auto, (max-width: 384px) 100vw, 384px\" \/>[\/vc_column_text][vc_empty_space height=&#8221;30px&#8221;]<style type=\"text\/css\">a.eg-henryharrison-element-1{letter-spacing:1px},a.eg-henryharrison-element-2{-webkit-transition:all .4s linear;   -moz-transition:all .4s linear;   -o-transition:all .4s linear;   -ms-transition:all .4s linear;   transition:all .4s linear}.eg-jimmy-carter-element-11 i:before{margin-left:0px; margin-right:0px}.eg-harding-element-17{letter-spacing:1px}.eg-harding-wrapper .esg-entry-media{overflow:hidden; box-sizing:border-box;   -webkit-box-sizing:border-box;   -moz-box-sizing:border-box;   padding:30px 30px 0px 30px}.eg-harding-wrapper .esg-entry-media img{overflow:hidden; border-radius:50%;   -webkit-border-radius:50%;   -moz-border-radius:50%}.eg-ulysses-s-grant-wrapper .esg-entry-media{overflow:hidden; box-sizing:border-box;   -webkit-box-sizing:border-box;   -moz-box-sizing:border-box;   padding:30px 30px 0px 30px}.eg-ulysses-s-grant-wrapper .esg-entry-media img{overflow:hidden; border-radius:50%;   -webkit-border-radius:50%;   -moz-border-radius:50%}.eg-richard-nixon-wrapper .esg-entry-media{overflow:hidden; box-sizing:border-box;   -webkit-box-sizing:border-box;   -moz-box-sizing:border-box;   padding:30px 30px 0px 30px}.eg-richard-nixon-wrapper .esg-entry-media img{overflow:hidden; border-radius:50%;   -webkit-border-radius:50%;   -moz-border-radius:50%}.eg-herbert-hoover-wrapper .esg-entry-media img{filter:url(\"data:image\/svg+xml;utf8,<svg xmlns='http:\/\/www.w3.org\/2000\/svg'><filter id='grayscale'><feColorMatrix type='matrix' values='0.3333 0.3333 0.3333 0 0 0.3333 0.3333 0.3333 0 0 0.3333 0.3333 0.3333 0 0 0 0 0 1 0'\/><\/filter><\/svg>#grayscale\");   filter:gray;   -webkit-filter:grayscale(100%)}.eg-herbert-hoover-wrapper:hover .esg-entry-media img{filter:url(\"data:image\/svg+xml;utf8,<svg xmlns='http:\/\/www.w3.org\/2000\/svg'><filter id='grayscale'><feColorMatrix type='matrix' values='1 0 0 0 0,0 1 0 0 0,0 0 1 0 0,0 0 0 1 0'\/><\/filter><\/svg>#grayscale\");  -webkit-filter:grayscale(0%)}.eg-lyndon-johnson-wrapper .esg-entry-media img{filter:url(\"data:image\/svg+xml;utf8,<svg xmlns='http:\/\/www.w3.org\/2000\/svg'><filter id='grayscale'><feColorMatrix type='matrix' values='0.3333 0.3333 0.3333 0 0 0.3333 0.3333 0.3333 0 0 0.3333 0.3333 0.3333 0 0 0 0 0 1 0'\/><\/filter><\/svg>#grayscale\");   filter:gray;   -webkit-filter:grayscale(100%)}.eg-lyndon-johnson-wrapper:hover .esg-entry-media img{filter:url(\"data:image\/svg+xml;utf8,<svg xmlns='http:\/\/www.w3.org\/2000\/svg'><filter id='grayscale'><feColorMatrix type='matrix' values='1 0 0 0 0,0 1 0 0 0,0 0 1 0 0,0 0 0 1 0'\/><\/filter><\/svg>#grayscale\");  -webkit-filter:grayscale(0%)}.esg-overlay.eg-ronald-reagan-container{background:-moz-linear-gradient(top,rgba(0,0,0,0) 50%,rgba(0,0,0,0.83) 99%,rgba(0,0,0,0.85) 100%); background:-webkit-gradient(linear,left top,left bottom,color-stop(50%,rgba(0,0,0,0)),color-stop(99%,rgba(0,0,0,0.83)),color-stop(100%,rgba(0,0,0,0.85))); background:-webkit-linear-gradient(top,rgba(0,0,0,0) 50%,rgba(0,0,0,0.83) 99%,rgba(0,0,0,0.85) 100%); background:-o-linear-gradient(top,rgba(0,0,0,0) 50%,rgba(0,0,0,0.83) 99%,rgba(0,0,0,0.85) 100%); background:-ms-linear-gradient(top,rgba(0,0,0,0) 50%,rgba(0,0,0,0.83) 99%,rgba(0,0,0,0.85) 100%); background:linear-gradient(to bottom,rgba(0,0,0,0) 50%,rgba(0,0,0,0.83) 99%,rgba(0,0,0,0.85) 100%); filter:progid:DXImageTransform.Microsoft.gradient( startColorstr='#00000000',endColorstr='#d9000000',GradientType=0 )}.eg-georgebush-wrapper .esg-entry-cover{background:-moz-linear-gradient(top,rgba(0,0,0,0) 50%,rgba(0,0,0,0.83) 99%,rgba(0,0,0,0.85) 100%); background:-webkit-gradient(linear,left top,left bottom,color-stop(50%,rgba(0,0,0,0)),color-stop(99%,rgba(0,0,0,0.83)),color-stop(100%,rgba(0,0,0,0.85))); background:-webkit-linear-gradient(top,rgba(0,0,0,0) 50%,rgba(0,0,0,0.83) 99%,rgba(0,0,0,0.85) 100%); background:-o-linear-gradient(top,rgba(0,0,0,0) 50%,rgba(0,0,0,0.83) 99%,rgba(0,0,0,0.85) 100%); background:-ms-linear-gradient(top,rgba(0,0,0,0) 50%,rgba(0,0,0,0.83) 99%,rgba(0,0,0,0.85) 100%); background:linear-gradient(to bottom,rgba(0,0,0,0) 50%,rgba(0,0,0,0.83) 99%,rgba(0,0,0,0.85) 100%); filter:progid:DXImageTransform.Microsoft.gradient( startColorstr='#00000000',endColorstr='#d9000000',GradientType=0 )}.eg-jefferson-wrapper{-webkit-border-radius:5px !important; -moz-border-radius:5px !important; border-radius:5px !important; -webkit-mask-image:url(data:image\/png;base64,iVBORw0KGgoAAAANSUhEUgAAAAEAAAABCAIAAACQd1PeAAAAGXRFWHRTb2Z0d2FyZQBBZG9iZSBJbWFnZVJlYWR5ccllPAAAAA5JREFUeNpiYGBgAAgwAAAEAAGbA+oJAAAAAElFTkSuQmCC) !important}.eg-monroe-element-1{text-shadow:0px 1px 3px rgba(0,0,0,0.1)}.eg-lyndon-johnson-wrapper .esg-entry-cover{background:-moz-radial-gradient(center,ellipse cover,rgba(0,0,0,0.35) 0%,rgba(18,18,18,0) 96%,rgba(19,19,19,0) 100%); background:-webkit-gradient(radial,center center,0px,center center,100%,color-stop(0%,rgba(0,0,0,0.35)),color-stop(96%,rgba(18,18,18,0)),color-stop(100%,rgba(19,19,19,0))); background:-webkit-radial-gradient(center,ellipse cover,rgba(0,0,0,0.35) 0%,rgba(18,18,18,0) 96%,rgba(19,19,19,0) 100%); background:-o-radial-gradient(center,ellipse cover,rgba(0,0,0,0.35) 0%,rgba(18,18,18,0) 96%,rgba(19,19,19,0) 100%); background:-ms-radial-gradient(center,ellipse cover,rgba(0,0,0,0.35) 0%,rgba(18,18,18,0) 96%,rgba(19,19,19,0) 100%); background:radial-gradient(ellipse at center,rgba(0,0,0,0.35) 0%,rgba(18,18,18,0) 96%,rgba(19,19,19,0) 100%); filter:progid:DXImageTransform.Microsoft.gradient( startColorstr='#59000000',endColorstr='#00131313',GradientType=1 )}.eg-wilbert-wrapper .esg-entry-cover{background:-moz-radial-gradient(center,ellipse cover,rgba(0,0,0,0.35) 0%,rgba(18,18,18,0) 96%,rgba(19,19,19,0) 100%); background:-webkit-gradient(radial,center center,0px,center center,100%,color-stop(0%,rgba(0,0,0,0.35)),color-stop(96%,rgba(18,18,18,0)),color-stop(100%,rgba(19,19,19,0))); background:-webkit-radial-gradient(center,ellipse cover,rgba(0,0,0,0.35) 0%,rgba(18,18,18,0) 96%,rgba(19,19,19,0) 100%); background:-o-radial-gradient(center,ellipse cover,rgba(0,0,0,0.35) 0%,rgba(18,18,18,0) 96%,rgba(19,19,19,0) 100%); background:-ms-radial-gradient(center,ellipse cover,rgba(0,0,0,0.35) 0%,rgba(18,18,18,0) 96%,rgba(19,19,19,0) 100%); background:radial-gradient(ellipse at center,rgba(0,0,0,0.35) 0%,rgba(18,18,18,0) 96%,rgba(19,19,19,0) 100%); filter:progid:DXImageTransform.Microsoft.gradient( startColorstr='#59000000',endColorstr='#00131313',GradientType=1 )}.eg-wilbert-wrapper .esg-entry-media img{-webkit-transition:0.4s ease-in-out;  -moz-transition:0.4s ease-in-out;  -o-transition:0.4s ease-in-out;  transition:0.4s ease-in-out;  filter:url(\"data:image\/svg+xml;utf8,<svg xmlns='http:\/\/www.w3.org\/2000\/svg'><filter id='grayscale'><feColorMatrix type='matrix' values='0.3333 0.3333 0.3333 0 0 0.3333 0.3333 0.3333 0 0 0.3333 0.3333 0.3333 0 0 0 0 0 1 0'\/><\/filter><\/svg>#grayscale\");   filter:gray;   -webkit-filter:grayscale(100%)}.eg-wilbert-wrapper:hover .esg-entry-media img{filter:url(\"data:image\/svg+xml;utf8,<svg xmlns='http:\/\/www.w3.org\/2000\/svg'><filter id='grayscale'><feColorMatrix type='matrix' values='1 0 0 0 0,0 1 0 0 0,0 0 1 0 0,0 0 0 1 0'\/><\/filter><\/svg>#grayscale\");  -webkit-filter:grayscale(0%)}.eg-phillie-element-3:after{content:\" \";width:0px;height:0px;border-style:solid;border-width:5px 5px 0 5px;border-color:#000 transparent transparent transparent;left:50%;margin-left:-5px; bottom:-5px; position:absolute}.eg-howardtaft-wrapper .esg-entry-media img,.eg-howardtaft-wrapper .esg-media-poster{filter:url(\"data:image\/svg+xml;utf8,<svg xmlns='http:\/\/www.w3.org\/2000\/svg'><filter id='grayscale'><feColorMatrix type='matrix' values='1 0 0 0 0,0 1 0 0 0,0 0 1 0 0,0 0 0 1 0'\/><\/filter><\/svg>#grayscale\");  -webkit-filter:grayscale(0%)}.eg-howardtaft-wrapper:hover .esg-entry-media img,.eg-howardtaft-wrapper:hover .esg-media-poster{filter:url(\"data:image\/svg+xml;utf8,<svg xmlns='http:\/\/www.w3.org\/2000\/svg'><filter id='grayscale'><feColorMatrix type='matrix' values='0.3333 0.3333 0.3333 0 0 0.3333 0.3333 0.3333 0 0 0.3333 0.3333 0.3333 0 0 0 0 0 1 0'\/><\/filter><\/svg>#grayscale\");   filter:gray;   -webkit-filter:grayscale(100%)}.myportfolio-container .added_to_cart.wc-forward{font-family:\"Open Sans\"; font-size:13px; color:#fff; margin-top:10px}.esgbox-title.esgbox-title-outside-wrap{font-size:15px; font-weight:700; text-align:center}.esgbox-title.esgbox-title-inside-wrap{padding-bottom:10px; font-size:15px; font-weight:700; text-align:center}.esg-content.eg-twitterstream-element-33-a{display:inline-block}.eg-twitterstream-element-35{word-break:break-all}.esg-overlay.eg-twitterstream-container{background:-moz-linear-gradient(top,rgba(0,0,0,0) 50%,rgba(0,0,0,0.83) 99%,rgba(0,0,0,0.85) 100%); background:-webkit-gradient(linear,left top,left bottom,color-stop(50%,rgba(0,0,0,0)),color-stop(99%,rgba(0,0,0,0.83)),color-stop(100%,rgba(0,0,0,0.85))); background:-webkit-linear-gradient(top,rgba(0,0,0,0) 50%,rgba(0,0,0,0.83) 99%,rgba(0,0,0,0.85) 100%); background:-o-linear-gradient(top,rgba(0,0,0,0) 50%,rgba(0,0,0,0.83) 99%,rgba(0,0,0,0.85) 100%); background:-ms-linear-gradient(top,rgba(0,0,0,0) 50%,rgba(0,0,0,0.83) 99%,rgba(0,0,0,0.85) 100%); background:linear-gradient(to bottom,rgba(0,0,0,0) 50%,rgba(0,0,0,0.83) 99%,rgba(0,0,0,0.85) 100%); filter:progid:DXImageTransform.Microsoft.gradient( startColorstr='#00000000',endColorstr='#d9000000',GradientType=0 )}.esg-content.eg-facebookstream-element-33-a{display:inline-block}.eg-facebookstream-element-0{word-break:break-all}.esg-overlay.eg-flickrstream-container{background:-moz-linear-gradient(top,rgba(0,0,0,0) 50%,rgba(0,0,0,0.83) 99%,rgba(0,0,0,0.85) 100%); background:-webkit-gradient(linear,left top,left bottom,color-stop(50%,rgba(0,0,0,0)),color-stop(99%,rgba(0,0,0,0.83)),color-stop(100%,rgba(0,0,0,0.85))); background:-webkit-linear-gradient(top,rgba(0,0,0,0) 50%,rgba(0,0,0,0.83) 99%,rgba(0,0,0,0.85) 100%); background:-o-linear-gradient(top,rgba(0,0,0,0) 50%,rgba(0,0,0,0.83) 99%,rgba(0,0,0,0.85) 100%); background:-ms-linear-gradient(top,rgba(0,0,0,0) 50%,rgba(0,0,0,0.83) 99%,rgba(0,0,0,0.85) 100%); background:linear-gradient(to bottom,rgba(0,0,0,0) 50%,rgba(0,0,0,0.83) 99%,rgba(0,0,0,0.85) 100%); filter:progid:DXImageTransform.Microsoft.gradient( startColorstr='#00000000',endColorstr='#d9000000',GradientType=0 )}<\/style><style type=\"text\/css\">.minimal-light .navigationbuttons,.minimal-light .esg-pagination,.minimal-light .esg-filters{text-align:center}.minimal-light .esg-filterbutton,.minimal-light .esg-navigationbutton,.minimal-light .esg-sortbutton,.minimal-light .esg-cartbutton a{color:#999; margin-right:5px; cursor:pointer; padding:0px 16px; border:1px solid #e5e5e5; line-height:38px; border-radius:5px; -moz-border-radius:5px; -webkit-border-radius:5px; font-size:12px; font-weight:700; font-family:\"Open Sans\",sans-serif; display:inline-block; background:#fff; margin-bottom:5px}.minimal-light .esg-navigationbutton *{color:#999}.minimal-light .esg-navigationbutton{padding:0px 16px}.minimal-light .esg-pagination-button:last-child{margin-right:0}.minimal-light .esg-left,.minimal-light .esg-right{padding:0px 11px}.minimal-light .esg-sortbutton-wrapper,.minimal-light .esg-cartbutton-wrapper{display:inline-block}.minimal-light .esg-sortbutton-order,.minimal-light .esg-cartbutton-order{display:inline-block;  vertical-align:top;  border:1px solid #e5e5e5;  width:40px;  line-height:38px;  border-radius:0px 5px 5px 0px;  -moz-border-radius:0px 5px 5px 0px;  -webkit-border-radius:0px 5px 5px 0px;  font-size:12px;  font-weight:700;  color:#999;  cursor:pointer;  background:#fff}.minimal-light .esg-cartbutton{color:#333; cursor:default !important}.minimal-light .esg-cartbutton .esgicon-basket{color:#333;   font-size:15px;   line-height:15px;   margin-right:10px}.minimal-light .esg-cartbutton-wrapper{cursor:default !important}.minimal-light .esg-sortbutton,.minimal-light .esg-cartbutton{display:inline-block; position:relative; cursor:pointer; margin-right:0px; border-right:none; border-radius:5px 0px 0px 5px; -moz-border-radius:5px 0px 0px 5px; -webkit-border-radius:5px 0px 0px 5px}.minimal-light .esg-navigationbutton:hover,.minimal-light .esg-filterbutton:hover,.minimal-light .esg-sortbutton:hover,.minimal-light .esg-sortbutton-order:hover,.minimal-light .esg-cartbutton a:hover,.minimal-light .esg-filterbutton.selected{background-color:#fff;   border-color:#bbb;   color:#333;   box-shadow:0px 3px 5px 0px rgba(0,0,0,0.13)}.minimal-light .esg-navigationbutton:hover *{color:#333}.minimal-light .esg-sortbutton-order.tp-desc:hover{border-color:#bbb; color:#333; box-shadow:0px -3px 5px 0px rgba(0,0,0,0.13) !important}.minimal-light .esg-filter-checked{padding:1px 3px;  color:#cbcbcb;  background:#cbcbcb;  margin-left:7px;  font-size:9px;  font-weight:300;  line-height:9px;  vertical-align:middle}.minimal-light .esg-filterbutton.selected .esg-filter-checked,.minimal-light .esg-filterbutton:hover .esg-filter-checked{padding:1px 3px 1px 3px;  color:#fff;  background:#000;  margin-left:7px;  font-size:9px;  font-weight:300;  line-height:9px;  vertical-align:middle}<\/style><style type=\"text\/css\">.eg-henryharrison2-element-6{font-size:31px; line-height:36px; color:#ffffff; font-weight:200; display:inline-block; float:none; clear:both; margin:0px 0px 20px 0px ; padding:0px 0px 0px 0px ; border-radius:0px 0px 0px 0px ; background-color:rgba(255,255,255,0); position:relative; z-index:2 !important; font-family:Montserrat; text-transform:uppercase}<\/style><style type=\"text\/css\"><\/style><style type=\"text\/css\">.eg-henryharrison2-container{background-color:rgba(198,177,119,0.69)}<\/style><style type=\"text\/css\">.eg-henryharrison2-content{background-color:#ffffff; padding:0px 0px 0px 0px; border-width:0px 0px 0px 0px; border-radius:0px 0px 0px 0px; border-color:transparent; border-style:double; text-align:left}<\/style><style type=\"text\/css\">.esg-grid .mainul li.eg-henryharrison2-wrapper{background-color:#ffffff; padding:0px 0px 0px 0px; border-width:0px 0px 0px 0px; border-radius:0px 0px 0px 0px; border-color:transparent; border-style:none}<\/style><style type=\"text\/css\">.esg-grid .mainul li.eg-henryharrison2-wrapper .esg-media-poster{background-size:cover; background-position:center center; background-repeat:no-repeat}<\/style><!-- THE ESSENTIAL GRID 2.1.0.2 CUSTOM --><article class=\"myportfolio-container minimal-light\" id=\"esg-grid-1-1-wrap\">    <div id=\"esg-grid-1-1\" class=\"esg-grid\" style=\"background-color: transparent;padding: 0px 0px 0px 0px ; box-sizing:border-box; -moz-box-sizing:border-box; -webkit-box-sizing:border-box;\"><ul><li id=\"eg-1-post-id-0\" class=\"filterall eg-henryharrison2-wrapper eg-post-id-0\" data-date=\"\">    <div class=\"esg-media-cover-wrapper\"><div class=\"esg-entry-media\"><img loading=\"lazy\" decoding=\"async\" src=\"https:\/\/www.hort-cafe.pl\/slodko\/wp-content\/uploads\/2017\/09\/torty-specjalne.jpg\" alt=\"\" width=\"613\" height=\"613\"><\/div>            <div class=\"esg-entry-cover esg-fade\" data-delay=\"0\" data-clickable=\"on\"><a class=\"eg-invisiblebutton\" href=\"http:\/\/www.hort-cafe.pl\/slodko\/torty-specjalne-bialystok\/\" target=\"_self\"><\/a>                <div class=\"esg-overlay esg-covergrowup eg-henryharrison2-container\" data-delay=\"0\"><\/div>\t\t\t\t<div class=\"esg-center eg-henryharrison2-element-6\">TORTY OKOLICZNO\u015aCIOWE<\/div>           <\/div>   <\/div><\/li><li id=\"eg-1-post-id-1\" class=\"filterall eg-henryharrison2-wrapper eg-post-id-1\" data-date=\"\">    <div class=\"esg-media-cover-wrapper\"><div class=\"esg-entry-media\"><img loading=\"lazy\" decoding=\"async\" src=\"https:\/\/www.hort-cafe.pl\/slodko\/wp-content\/uploads\/2017\/09\/ciasto.jpg\" alt=\"\" width=\"613\" height=\"613\"><\/div>            <div class=\"esg-entry-cover esg-fade\" data-delay=\"0\" data-clickable=\"on\"><a class=\"eg-invisiblebutton\" href=\"http:\/\/www.hort-cafe.pl\/slodko\/ciasta-deserowe\/\" target=\"_self\"><\/a>                <div class=\"esg-overlay esg-covergrowup eg-henryharrison2-container\" data-delay=\"0\"><\/div>\t\t\t\t<div class=\"esg-center eg-henryharrison2-element-6\">CIASTA<\/div>           <\/div>   <\/div><\/li><li id=\"eg-1-post-id-2\" class=\"filterall eg-henryharrison2-wrapper eg-post-id-2\" data-date=\"\">    <div class=\"esg-media-cover-wrapper\"><div class=\"esg-entry-media\"><img loading=\"lazy\" decoding=\"async\" src=\"https:\/\/www.hort-cafe.pl\/slodko\/wp-content\/uploads\/2017\/09\/wdliny.jpg\" alt=\"\" width=\"613\" height=\"613\"><\/div>            <div class=\"esg-entry-cover esg-fade\" data-delay=\"0\" data-clickable=\"on\"><a class=\"eg-invisiblebutton\" href=\"http:\/\/www.hort-cafe.pl\/slono\/wedzone\/\" target=\"_self\"><\/a>                <div class=\"esg-overlay esg-covergrowup eg-henryharrison2-container\" data-delay=\"0\"><\/div>\t\t\t\t<div class=\"esg-center eg-henryharrison2-element-6\">W\u0118DLINY<\/div>           <\/div>   <\/div><\/li><li id=\"eg-1-post-id-3\" class=\"filterall eg-henryharrison2-wrapper eg-post-id-3\" data-date=\"\">    <div class=\"esg-media-cover-wrapper\"><div class=\"esg-entry-media\"><img loading=\"lazy\" decoding=\"async\" src=\"https:\/\/www.hort-cafe.pl\/slodko\/wp-content\/uploads\/2017\/09\/bar.jpg\" alt=\"\" width=\"613\" height=\"613\"><\/div>            <div class=\"esg-entry-cover esg-fade\" data-delay=\"0\" data-clickable=\"on\"><a class=\"eg-invisiblebutton\" href=\"http:\/\/www.hort-cafe.pl\/slono\/bar\/\" target=\"_self\"><\/a>                <div class=\"esg-overlay esg-covergrowup eg-henryharrison2-container\" data-delay=\"0\"><\/div>\t\t\t\t<div class=\"esg-center eg-henryharrison2-element-6\">BAR MLECZNY<\/div>           <\/div>   <\/div><\/li><\/ul>    <\/div><\/article><div class=\"clear\"><\/div>[\/vc_column][\/vc_row][vc_row fullwidth=&#8221;true&#8221; el_class=&#8221;najpierw&#8221;][vc_column][vc_column_text align=&#8221;center&#8221; animation=&#8221;fade-in&#8221;]<img loading=\"lazy\" decoding=\"async\" class=\"aligncenter\" src=\"https:\/\/www.hort-cafe.pl\/slodko\/wp-content\/uploads\/2017\/09\/najpierw-zjedz-deser-i....png\" alt=\"\" width=\"996\" height=\"113\" \/>[\/vc_column_text][\/vc_column][\/vc_row][vc_row fullwidth=&#8221;true&#8221; el_class=&#8221;naslonorowek&#8221;][vc_column el_class=&#8221;przejdzdokolumna&#8221;][vc_column_text align=&#8221;center&#8221; animation=&#8221;fade-in&#8221;]\n<p class=\"przejdzdo\" style=\"text-align: center;\">Przejd\u017a do<\/p>\n<p class=\"naslonolink\" style=\"text-align: center;\"><a href=\"http:\/\/www.hort-cafe.pl\/slono\/\">Na S\u0142ono<\/a><\/p>\n[\/vc_column_text]<div class='gambit_parallax_row paralax1' data-bg-align='' data-direction='fixed' data-opacity='100' data-velocity='-0.3' data-mobile-enabled='parallax-enable-mobile' data-bg-height='1278' data-bg-width='1920' data-bg-image='https:\/\/www.hort-cafe.pl\/slodko\/wp-content\/uploads\/2017\/09\/nasonolink.jpg' data-bg-repeat='false' data-id='' style='display: none'><\/div>[\/vc_column][\/vc_row][vc_row][vc_column][vc_empty_space height=&#8221;60px&#8221;][\/vc_column][\/vc_row][vc_row fullwidth=&#8221;true&#8221;][vc_column][vc_column_text align=&#8221;center&#8221;]<img loading=\"lazy\" decoding=\"async\" class=\"natur\" src=\"https:\/\/www.hort-cafe.pl\/slodko\/wp-content\/uploads\/2017\/09\/natural-2.png\" alt=\"\" width=\"328\" height=\"198\" \/>[\/vc_column_text][\/vc_column][\/vc_row]\n","protected":false},"excerpt":{"rendered":"<p>[vc_row fullwidth=&#8221;true&#8221;][vc_column][vc_column_text align=&#8221;center&#8221;] lody rzemie\u015blnicze bia\u0142ystok, cassate, lody tradycyjne bia\u0142ystok, lody naturalne bia\u0142ystok, lody bez chemii bia\u0142ystok, producent lod\u00f3w, naturalnych bia\u0142ystok, lody prawdziwe bia\u0142ystok, najlepsze lody bia\u0142ystok, lodziarnia bia\u0142ystok, lody ga\u0142kowane bia\u0142ystok [\/vc_column_text][mk_revslider id=&#8221;lody&#8221;][\/vc_column][\/vc_row][vc_row fullwidth=&#8221;true&#8221; css=&#8221;.vc_custom_1509506675516{background-image: url(https:\/\/www.hort-cafe.pl\/slodko\/wp-content\/uploads\/2017\/09\/tlozamowienia.jpg?id=868) !important;background-position: center !important;background-repeat: no-repeat !important;background-size: cover !important;}&#8221;][vc_column css=&#8221;.vc_custom_1509974791508{padding-bottom: 30px !important;}&#8221;][vc_column_text animation=&#8221;left-to-right&#8221;][\/vc_column_text][vc_column_text animation=&#8221;left-to-right&#8221;] W NASZEJ CUKIERNI Z\u0141O\u017bYSZ ZAM\u00d3WIENIA NA [&hellip;]<\/p>\n","protected":false},"author":2,"featured_media":0,"parent":0,"menu_order":0,"comment_status":"closed","ping_status":"closed","template":"","meta":{"footnotes":""},"yst_prominent_words":[],"class_list":["post-68","page","type-page","status-publish","hentry"],"_links":{"self":[{"href":"https:\/\/www.hort-cafe.pl\/slodko\/wp-json\/wp\/v2\/pages\/68","targetHints":{"allow":["GET"]}}],"collection":[{"href":"https:\/\/www.hort-cafe.pl\/slodko\/wp-json\/wp\/v2\/pages"}],"about":[{"href":"https:\/\/www.hort-cafe.pl\/slodko\/wp-json\/wp\/v2\/types\/page"}],"author":[{"embeddable":true,"href":"https:\/\/www.hort-cafe.pl\/slodko\/wp-json\/wp\/v2\/users\/2"}],"replies":[{"embeddable":true,"href":"https:\/\/www.hort-cafe.pl\/slodko\/wp-json\/wp\/v2\/comments?post=68"}],"version-history":[{"count":0,"href":"https:\/\/www.hort-cafe.pl\/slodko\/wp-json\/wp\/v2\/pages\/68\/revisions"}],"wp:attachment":[{"href":"https:\/\/www.hort-cafe.pl\/slodko\/wp-json\/wp\/v2\/media?parent=68"}],"wp:term":[{"taxonomy":"yst_prominent_words","embeddable":true,"href":"https:\/\/www.hort-cafe.pl\/slodko\/wp-json\/wp\/v2\/yst_prominent_words?post=68"}],"curies":[{"name":"wp","href":"https:\/\/api.w.org\/{rel}","templated":true}]}}