{"id":70,"date":"2017-09-05T06:58:24","date_gmt":"2017-09-05T06:58:24","guid":{"rendered":"http:\/\/www.hort-cafe.pl\/slodko\/?page_id=70"},"modified":"2018-02-19T09:52:30","modified_gmt":"2018-02-19T09:52:30","slug":"o-nas","status":"publish","type":"page","link":"https:\/\/www.hort-cafe.pl\/slodko\/o-nas","title":{"rendered":"O Nas"},"content":{"rendered":"[vc_row fullwidth=&#8221;true&#8221; css=&#8221;.vc_custom_1509687607685{background-image: url(https:\/\/www.hort-cafe.pl\/slodko\/wp-content\/uploads\/2017\/09\/bodytlo8.jpg?id=1183) !important;background-position: center !important;background-repeat: no-repeat !important;background-size: cover !important;}&#8221;][vc_column][vc_column_text align=&#8221;center&#8221;]<img loading=\"lazy\" decoding=\"async\" class=\"ikonyonas aligncenter\" src=\"https:\/\/www.hort-cafe.pl\/slodko\/wp-content\/uploads\/2017\/09\/ikonyonas.png\" alt=\"\" width=\"673\" height=\"159\" \/>[\/vc_column_text][vc_column_text align=&#8221;center&#8221;]\n<p class=\"tekstonas\">Historia firmy rozpoczyna si\u0119 w 1976 roku, gdy rozpocz\u0105\u0142 dzia\u0142alno\u015b\u0107 licencjonowany zak\u0142ad Przedsi\u0119biorstwa Obrotu Towarowego i Gastronomii \u201eHORTEX\u201d w Bia\u0142ymstoku. Dzieli si\u0119 ona na dwa etapy: pierwszy, trwaj\u0105cy do 2000 roku, to okres pracy pod znakiem \u201eHORTEX\u201d oraz obecny, rozpocz\u0119ty po przekszta\u0142ceniach w centrali firmy, jako \u201eHORT-CAFE\u201d. TO W\u0141A\u015aNIE TU W NOWYM HORT-CAFE odkryjesz smak kr\u00f3lewskiej czekolady i wi\u015bni, jogurtow\u0105 lekko\u015b\u0107 z malinami, czy g\u0142\u0119bi\u0119 s\u0142odyczy ciasta migda\u0142owego&#8230; TU nie przerwalnie OD 40 lat DOSKONALIMY RECEPTURY, oraz wymy\u015blamy nowe po\u0142\u0105czenia smak\u00f3w aby zadowoli\u0107 najwi\u0119kszych smakoszy s\u0142odko\u015bci. NASZ ZESP\u00d3\u0141 TO GRUPA PRAWDZIWYCH PASJONAT\u00d3W I ARTYST\u00d3W W SWOJEJ DZIEDZINIE. TO W PRACY ICH R\u0104K TKWI TAJEMNICA I NIEPOWTARZALNO\u015a\u0106 NASZYCH WYROB\u00d3W.<\/p>\n[\/vc_column_text][vc_column_text align=&#8221;right&#8221; el_class=&#8221;podpiskolumna&#8221;]<img loading=\"lazy\" decoding=\"async\" class=\"podpis\" src=\"https:\/\/www.hort-cafe.pl\/slodko\/wp-content\/uploads\/2017\/09\/podpis-2.png\" alt=\"\" width=\"200\" height=\"180\" \/>[\/vc_column_text][vc_column_text align=&#8221;center&#8221;]\n<p class=\"weselne3\">hort-cafe cukiernia bia\u0142ystok, najlepsza cukiernia bia\u0142ystok, cukiernia bia\u0142ystok centrum, w\u0119dliniarnia bia\u0142ystok, bar mleczny bia\u0142ystok, garma\u017ceria bia\u0142ystok, garma\u017cerka bia\u0142ystok, producent w\u0119dlin domowych bia\u0142ystok<br \/>\nzdrowa \u017cywno\u015b\u0107 bia\u0142ystok, hortex<\/p>\n[\/vc_column_text][\/vc_column][\/vc_row]\n","protected":false},"excerpt":{"rendered":"<p>[vc_row fullwidth=&#8221;true&#8221; css=&#8221;.vc_custom_1509687607685{background-image: url(https:\/\/www.hort-cafe.pl\/slodko\/wp-content\/uploads\/2017\/09\/bodytlo8.jpg?id=1183) !important;background-position: center !important;background-repeat: no-repeat !important;background-size: cover !important;}&#8221;][vc_column][vc_column_text align=&#8221;center&#8221;][\/vc_column_text][vc_column_text align=&#8221;center&#8221;] Historia firmy rozpoczyna si\u0119 w 1976 roku, gdy rozpocz\u0105\u0142 dzia\u0142alno\u015b\u0107 licencjonowany zak\u0142ad Przedsi\u0119biorstwa Obrotu Towarowego i Gastronomii \u201eHORTEX\u201d w Bia\u0142ymstoku. Dzieli si\u0119 ona na dwa etapy: pierwszy, trwaj\u0105cy do 2000 roku, to okres pracy pod znakiem \u201eHORTEX\u201d oraz obecny, rozpocz\u0119ty po przekszta\u0142ceniach [&hellip;]<\/p>\n","protected":false},"author":2,"featured_media":0,"parent":0,"menu_order":0,"comment_status":"closed","ping_status":"closed","template":"","meta":{"footnotes":""},"yst_prominent_words":[],"class_list":["post-70","page","type-page","status-publish","hentry"],"_links":{"self":[{"href":"https:\/\/www.hort-cafe.pl\/slodko\/wp-json\/wp\/v2\/pages\/70","targetHints":{"allow":["GET"]}}],"collection":[{"href":"https:\/\/www.hort-cafe.pl\/slodko\/wp-json\/wp\/v2\/pages"}],"about":[{"href":"https:\/\/www.hort-cafe.pl\/slodko\/wp-json\/wp\/v2\/types\/page"}],"author":[{"embeddable":true,"href":"https:\/\/www.hort-cafe.pl\/slodko\/wp-json\/wp\/v2\/users\/2"}],"replies":[{"embeddable":true,"href":"https:\/\/www.hort-cafe.pl\/slodko\/wp-json\/wp\/v2\/comments?post=70"}],"version-history":[{"count":0,"href":"https:\/\/www.hort-cafe.pl\/slodko\/wp-json\/wp\/v2\/pages\/70\/revisions"}],"wp:attachment":[{"href":"https:\/\/www.hort-cafe.pl\/slodko\/wp-json\/wp\/v2\/media?parent=70"}],"wp:term":[{"taxonomy":"yst_prominent_words","embeddable":true,"href":"https:\/\/www.hort-cafe.pl\/slodko\/wp-json\/wp\/v2\/yst_prominent_words?post=70"}],"curies":[{"name":"wp","href":"https:\/\/api.w.org\/{rel}","templated":true}]}}